{"id":21215,"date":"2019-03-10T13:57:19","date_gmt":"2019-03-10T13:57:19","guid":{"rendered":"https:\/\/heuberer.at\/su-di-me\/"},"modified":"2024-01-29T17:09:10","modified_gmt":"2024-01-29T17:09:10","slug":"su-di-me","status":"publish","type":"page","link":"https:\/\/heuberer.at\/it\/su-di-me\/","title":{"rendered":"Su di me"},"content":{"rendered":"<section class=\"wpb-content-wrapper\"><p>[vc_row][vc_column][rev_slider_vc alias=&#8221;fifty-en-1&#8243;][\/vc_column][\/vc_row][vc_row][vc_column]<div class=\"dfd-spacer-module\"  data-units=\"px\" data-wide_resolution=\"1280\" data-wide_size=\"80\" data-normal_resolution=\"1024\" data-normal_size=\"80\" data-tablet_resolution=\"800\" data-tablet_size=\"60\" data-mobile_resolution=\"480\" data-mobile_size=\"40\" style=\"height: 80px;\"><\/div>[\/vc_column][\/vc_row][vc_row force_equal_height_columns=&#8221;main_row&#8221; dfd_row_config=&#8221;full_width_content&#8221; mobile_destroy_equal_heights=&#8221;yes&#8221;][vc_column width=&#8221;1\/12&#8243;][\/vc_column][vc_column width=&#8221;6\/12&#8243;]<div class=\"dfd-heading-shortcode\"><div class=\"dfd-heading-module-wrap  text-left style_01 dfd-heading-69e4fe987ba38 dfd-disable-resposive-headings\" id=\"dfd-heading-69e4fe987ba38\" ><div class=\"inline-block\"><div class=\"dfd-heading-module\"><h1 class=\"widget-title dfd-title \" style=\"font-size: 22px; \">Informazioni sul Prof. Philipp Heuberer | Specialista per spalla &#8211; gomito &#8211; ginocchio<\/h1><\/div><\/div><\/div><script type=\"text\/javascript\">\r\n\t\t\t\t\t\t\t\t\t(function($) {\r\n\t\t\t\t\t\t\t\t\t\t$(\"head\").append(\"<style>.dfd-heading-69e4fe987ba38.dfd-heading-module-wrap .dfd-heading-module .dfd-heading-delimiter {margin-top:10px;margin-bottom:10px;}<\/style>\");\r\n\t\t\t\t\t\t\t\t\t})(jQuery);\r\n\t\t\t\t\t\t\t\t<\/script><\/div>[vc_column_text css=&#8221;.vc_custom_1560688577914{border-top-width: 1px !important;border-left-width: 1px !important;padding-top: 30px !important;padding-left: 30px !important;border-left-color: #1b75bc !important;border-left-style: solid !important;border-top-color: #1b75bc !important;border-top-style: solid !important;}&#8221;]<\/p>\n<p style=\"text-align: left;\">Il Prof. Philipp Heuberer \u00e8 cresciuto a Linz. Dopo essersi diplomato al Collegio gesuita Aloisianum, inizi\u00f2 gli studi di medicina a Vienna. Per ampliare i suoi orizzonti, ha studiato anche a Graz e ha completato un anno all&#8217;estero ad Alicante, in Spagna. Il dottor Heuberer ha iniziato e completato la sua formazione ortopedica presso il reparto di ortopedia dell&#8217;Ospedale delle Suore della Misericordia, il pi\u00f9 grande reparto specializzato in chirurgia della spalla in Austria a quel tempo.<\/p>\n<p>[\/vc_column_text]<div class=\"dfd-spacer-module\"  data-units=\"px\" data-wide_resolution=\"1280\" data-wide_size=\"40\" data-normal_resolution=\"1024\" data-normal_size=\"40\" data-tablet_resolution=\"800\" data-tablet_size=\"30\" data-mobile_resolution=\"480\" data-mobile_size=\"20\" style=\"height: 40px;\"><\/div>[vc_column_text]<\/p>\n<p style=\"text-align: left;\">Nach Abschlu\u00df seiner Facharztausbildung gewann Dr. Heuberer eine Spezialausbildung in Schulter \u2013und Ellenbogenchirugie (The Prince of Wales and Concord Shoulder and Elbow Fellowship) in Sydney, Australien und lernte offene Schulter \u2013und Ellenbogenchirurgie mit den bekanntesten australischen Schulterchirurgen. Diese umfassende Ausbildung erlaubte es ihm, sich spezielle F\u00e4higkeiten und besonderes Wissen in der arthroskopischen und offenen Schulterchirurgie im Allgemeinen und insbesondere in der Revisionschirurgie anzueignen. Nachdem die Orthop\u00e4dische Abteilung der Barmherzigen Schwestern auch Vorreiter war auf dem Gebiet der patientenspezifischen Knieendoprothetik war, hat er sich auch im Gebiet der Kniechirurgie spezielles Know-How erworben. Dr. Heuberer hat die erste Meniskustransplantation an der Abteilung durchgef\u00fchrt.<\/p>\n<p>[\/vc_column_text]<div class=\"dfd-spacer-module\"  data-units=\"px\" data-wide_resolution=\"1280\" data-wide_size=\"40\" data-normal_resolution=\"1024\" data-normal_size=\"40\" data-tablet_resolution=\"800\" data-tablet_size=\"30\" data-mobile_resolution=\"480\" data-mobile_size=\"20\" style=\"height: 40px;\"><\/div>[vc_column_text css=&#8221;.vc_custom_1560688590556{border-right-width: 1px !important;border-bottom-width: 1px !important;padding-right: 30px !important;padding-bottom: 30px !important;border-right-color: #1b75bc !important;border-right-style: solid !important;border-bottom-color: #1b75bc !important;border-bottom-style: solid !important;}&#8221;]<\/p>\n<p style=\"text-align: left;\">Dopo il suo soggiorno in Australia e la sua vicinanza alla spalla, il dottor Heuberer ha approfondito la chirurgia del gomito. \u00c8 diventato uno dei pochi in Austria con una vasta esperienza nella chirurgia artroscopica e aperta del gomito. Dopo aver riconosciuto ben presto i limiti delle opzioni terapeutiche convenzionali e le possibilit\u00e0 della medicina rigenerativa, il dottor Heuberer \u00e8 stato coinvolto precocemente nelle terapie con plasma sanguigno e cellule staminali. \u00c8 uno dei pochi esperti in Austria che vantano una vasta esperienza e sono invitati a livello internazionale.<br \/>\nIl suo interesse scientifico \u00e8 stato stimolato gi\u00e0 durante la sua formazione, in quanto ha sempre avuto a cuore la verifica e l&#8217;ulteriore miglioramento della qualit\u00e0 del trattamento. Per questo motivo ha contribuito a fondare un dipartimento scientifico per l&#8217;unit\u00e0 di spalla delle Suore della Misericordia.[\/vc_column_text][\/vc_column][vc_column width=&#8221;1\/12&#8243;][\/vc_column][vc_column width=&#8221;3\/12&#8243;]<div id=\"dfd-single-image-module69e4fe987bc97-3091\" class=\"dfd-single-image-module  image-center  cr-animate-gen dfd-img-lazy-load\" data-animate-type = \"transition.slideLeftBigIn\" ><img loading=\"lazy\" decoding=\"async\" src=\"data:image\/svg+xml;charset=utf-8,%3Csvg xmlns%3D'http%3A%2F%2Fwww.w3.org%2F2000%2Fsvg' viewBox%3D'0 0 880 1318'%2F%3E\" data-src=\"https:\/\/heuberer.at\/wp-content\/uploads\/2019\/04\/heuberer-phillip.jpg\" width=\"880\" height=\"1318\"  alt=\"Dr. Philipp Heuberer\" \/><\/div>[\/vc_column][vc_column width=&#8221;1\/12&#8243;][\/vc_column][\/vc_row][vc_row][vc_column]<div class=\"dfd-spacer-module\"  data-units=\"px\" data-wide_resolution=\"1280\" data-wide_size=\"80\" data-normal_resolution=\"1024\" data-normal_size=\"80\" data-tablet_resolution=\"800\" data-tablet_size=\"60\" data-mobile_resolution=\"480\" data-mobile_size=\"40\" style=\"height: 80px;\"><\/div>[\/vc_column][\/vc_row][vc_row force_equal_height_columns=&#8221;main_row&#8221; align_content_vertically=&#8221;&#8221; dfd_row_config=&#8221;full_width_content&#8221; mobile_destroy_equal_heights=&#8221;yes&#8221;][vc_column width=&#8221;1\/2&#8243; css=&#8221;.vc_custom_1556108568248{background-position: center !important;background-repeat: no-repeat !important;background-size: cover !important;}&#8221;][vc_single_image image=&#8221;19419&#8243; img_size=&#8221;940&#215;644&#8243;]<div class=\"dfd-spacer-module\"  data-units=\"px\" data-wide_resolution=\"1280\" data-wide_size=\"80\" data-normal_resolution=\"1024\" data-normal_size=\"80\" data-tablet_resolution=\"800\" data-tablet_size=\"60\" data-mobile_resolution=\"480\" data-mobile_size=\"40\" style=\"height: 80px;\"><\/div>[\/vc_column][vc_column width=&#8221;5\/12&#8243; css=&#8221;.vc_custom_1556108482970{border-left-width: 2px !important;padding-left: 30px !important;}&#8221;][vc_column_text css=&#8221;.vc_custom_1560688600549{border-top-width: 1px !important;border-right-width: 1px !important;padding-top: 30px !important;padding-right: 30px !important;border-right-color: #1b75bc !important;border-right-style: solid !important;border-top-color: #1b75bc !important;border-top-style: solid !important;}&#8221;]<\/p>\n<p style=\"text-align: left;\">Il risultato \u00e8 stato quello di ottenere numerose e rinomate pubblicazioni e premi scientifici. Questo interesse lo ha portato a collaborare presto con il Gruppo di Lavoro per l&#8217;Artroscopia (AGA) di lingua tedesca, la pi\u00f9 grande societ\u00e0 professionale per l&#8217;artroscopia in Europa. Il dottor Heuberer ha vinto la prestigiosa European Arthroscopy Fellowship della Societ\u00e0 ed \u00e8 entrato a far parte del Consiglio di Amministrazione dell&#8217;AGA, di cui \u00e8 vicepresidente e prossimo presidente. Questo gli garantisce di avere sempre il polso della situazione, di confrontarsi con i pi\u00f9 importanti opinion leader in campo medico e di contribuire alla definizione delle innovazioni.<\/p>\n<p>[\/vc_column_text]<div class=\"dfd-spacer-module\"  data-units=\"px\" data-wide_resolution=\"1280\" data-wide_size=\"40\" data-normal_resolution=\"1024\" data-normal_size=\"40\" data-tablet_resolution=\"800\" data-tablet_size=\"30\" data-mobile_resolution=\"480\" data-mobile_size=\"20\" style=\"height: 40px;\"><\/div>[vc_row_inner][vc_column_inner css=&#8221;.vc_custom_1556108886849{padding-top: 30px !important;padding-right: 30px !important;padding-bottom: 30px !important;padding-left: 30px !important;background-color: #1b75bc !important;}&#8221;][vc_column_text css=&#8221;.vc_custom_1605092948318{border-top-width: 1px !important;border-right-width: 1px !important;border-bottom-width: 1px !important;border-left-width: 1px !important;padding-top: 30px !important;padding-right: 30px !important;padding-bottom: 30px !important;padding-left: 30px !important;border-left-color: #ffffff !important;border-left-style: solid !important;border-right-color: #ffffff !important;border-right-style: solid !important;border-top-color: #ffffff !important;border-top-style: solid !important;border-bottom-color: #ffffff !important;border-bottom-style: solid !important;}&#8221;]<\/p>\n<p style=\"text-align: left;\"><span style=\"color: #ffffff;\">Da agosto 2017 ha aperto il suo studio privato presso l&#8217;Health Pi Medical Center di Wollzeile ed \u00e8 membro fondatore dell&#8217;Austrian Shoulder Centre. Il dottor Heuberer \u00e8 relatore e istruttore in numerosi congressi, workshop e seminari di formazione nazionali e internazionali, nonch\u00e9 consulente per Arthrex (link), l&#8217;azienda leader nella ricerca e nello sviluppo nel campo della chirurgia della spalla. Grazie alla sua attivit\u00e0 di ricerca, il dottor Heuberer ha sviluppato e perfezionato numerose tecniche chirurgiche e pubblica regolarmente sulle pi\u00f9 importanti riviste ortopediche.<\/span><\/p>\n<p style=\"text-align: left;\"><span style=\"color: #ffffff;\">Nel luglio 2020 ha completato l&#8217;abilitazione alla chirurgia della spalla presso l&#8217;Universit\u00e0 di Medicina di Vienna.<\/span><\/p>\n<p>[\/vc_column_text][\/vc_column_inner][\/vc_row_inner][\/vc_column][vc_column width=&#8221;1\/12&#8243;][\/vc_column][\/vc_row][vc_row][vc_column width=&#8221;1\/6&#8243;][\/vc_column][vc_column width=&#8221;2\/3&#8243;]<div class=\"dfd-spacer-module\"  data-units=\"px\" data-wide_resolution=\"1280\" data-wide_size=\"40\" data-normal_resolution=\"1024\" data-normal_size=\"40\" data-tablet_resolution=\"800\" data-tablet_size=\"30\" data-mobile_resolution=\"480\" data-mobile_size=\"20\" style=\"height: 40px;\"><\/div><div class=\"dfd-heading-shortcode\"><div class=\"dfd-heading-module-wrap  text-left style_01 dfd-heading-69e4fe987bd79 dfd-disable-resposive-headings\" id=\"dfd-heading-69e4fe987bd79\" ><div class=\"inline-block\"><div class=\"dfd-heading-module\"><h2 class=\"widget-title dfd-title \" style=\"font-size: 22px; \"><\/p>\n<p style=\"text-align: center;\">TV &#8211; Intervista con il dottor Philipp Heuberer<\/p>\n<p><\/h2><\/div><\/div><\/div><script type=\"text\/javascript\">\r\n\t\t\t\t\t\t\t\t\t(function($) {\r\n\t\t\t\t\t\t\t\t\t\t$(\"head\").append(\"<style>.dfd-heading-69e4fe987bd79.dfd-heading-module-wrap .dfd-heading-module .dfd-heading-delimiter {margin-top:10px;margin-bottom:10px;}<\/style>\");\r\n\t\t\t\t\t\t\t\t\t})(jQuery);\r\n\t\t\t\t\t\t\t\t<\/script><\/div><img decoding=\"async\" src=\"https:\/\/heuberer.at\/wp-content\/uploads\/2023\/01\/heuberer-thumbnail.png\" data-class-id=\"content-69e4fe987bdf1\" class=\"ult-modal-img overlay-show ult-align-center ult-modal-image-\" data-overlay-class=\"overlay-cornerbottomleft\"\/>\n<div class=\"ult-overlay content-69e4fe987bdf1 \" data-class=\"content-69e4fe987bdf1\" id=\"button-click-overlay-69e4fe987bdf1\" style=\"background:rgba(51,51,51,0.8); display:none;\">\n\t<div class=\"ult_modal ult-fade ult-container\">\n\t\t<div class=\"ult_modal-content dfd-background-dark\" style=\"background:#0f0f0f;border-width:2px;border-radius:0px;border-color:#333333;\">\n\t\t\t<div class=\"ult_modal-header\" style=\"color:#333333;\">\n\t\t\t\t<h2 class=\"ult_modal-title text-center\" style=\"font-style:normal;font-weight:400;\">Video<\/h2>\n\t\t\t<\/div>\n\t\t\t<div class=\"ult_modal-body ult-html\" style=\"\">\n\t\t\t<div style=\"width: 1200px;\" class=\"wp-video\"><!--[if lt IE 9]><script>document.createElement('video');<\/script><![endif]-->\n<video class=\"wp-video-shortcode\" id=\"video-21215-1\" width=\"1200\" height=\"675\" preload=\"metadata\" controls=\"controls\"><source type=\"video\/mp4\" src=\"https:\/\/heuberer.at\/wp-content\/uploads\/2023\/01\/Gelenksprobleme.mp4?_=1\" \/><a href=\"https:\/\/heuberer.at\/wp-content\/uploads\/2023\/01\/Gelenksprobleme.mp4\">https:\/\/heuberer.at\/wp-content\/uploads\/2023\/01\/Gelenksprobleme.mp4<\/a><\/video><\/div>\n\n\t\t\t<\/div>\n\t<\/div>\n\t<\/div>\n\t<div class=\"ult-overlay-close\">Close<\/div>\n<\/div><div class=\"dfd-spacer-module\"  data-units=\"px\" data-wide_resolution=\"1280\" data-wide_size=\"80\" data-normal_resolution=\"1024\" data-normal_size=\"80\" data-tablet_resolution=\"800\" data-tablet_size=\"60\" data-mobile_resolution=\"480\" data-mobile_size=\"40\" style=\"height: 80px;\"><\/div>[\/vc_column][vc_column width=&#8221;1\/6&#8243;][\/vc_column][\/vc_row][vc_row][vc_column]<div id=\"ultimate-heading69e4fe987c1fe\" class=\"uvc-heading dfd-delim-middle   heading-config-top dfd-disable-resposive-headings\"  data-hspacer=\"image_only\"  data-halign=\"center\" style=\"text-align:center\"><h2 class=\"widget-title uvc-main-heading\" style=\"font-style:normal;font-weight:400;\">Innovationen<\/h2><div class=\"uvc-heading-spacer image_only\" style=\"margin-bottom:30px;\"><img loading=\"lazy\" decoding=\"async\" width=\"42\" height=\"48\" src=\"https:\/\/heuberer.at\/wp-content\/uploads\/2019\/04\/heuberer-icon-blau-1.png\" class=\"ultimate-headings-icon-image\" alt=\"Logo\" \/><\/div><\/div>[vc_column_text]<\/p>\n<p style=\"text-align: center;\">Protesi di spalla artroscopica &#8211; Protesi ad eclissi parziale<\/p>\n<p style=\"text-align: center;\">Artroscopia J-Spanplastica per ricostruire la cavit\u00e0 glenoidea<\/p>\n<p style=\"text-align: center;\">Ricostruzione anatomica artroscopica senza nodi della cuffia dei rotatori<\/p>\n<p style=\"text-align: center;\">Ricostruzione anatomica artroscopica senza nodi per l&#8217;instabilit\u00e0 della spalla<\/p>\n<p style=\"text-align: center;\">Artroplastica di spalla senza stelo<\/p>\n<p style=\"text-align: center;\">Ricostruzione capsulare superiore per i difetti irreparabili della cuffia dei rotatori<\/p>\n<p style=\"text-align: center;\">Ricostruzione del legamento collaterale laterale per il gomito del tennista resistente alla terapia<\/p>\n<p style=\"text-align: center;\">Ricostruzione artroscopica del legamento laterale per l&#8217;instabilit\u00e0 subclinica del gomito<\/p>\n<p style=\"text-align: center;\">Artroplastica di ginocchio specifica per il paziente &#8211; MyKnee<\/p>\n<p style=\"text-align: center;\">Trapianto di menisco in artroscopia<\/p>\n<p>[\/vc_column_text][\/vc_column][\/vc_row][vc_row][vc_column]<div class=\"dfd-spacer-module\"  data-units=\"px\" data-wide_resolution=\"1280\" data-wide_size=\"60\" data-normal_resolution=\"1024\" data-normal_size=\"60\" data-tablet_resolution=\"800\" data-tablet_size=\"50\" data-mobile_resolution=\"480\" data-mobile_size=\"40\" style=\"height: 60px;\"><\/div>[\/vc_column][\/vc_row][vc_row force_equal_height_columns=&#8221;main_row&#8221; mobile_destroy_equal_heights=&#8221;yes&#8221;][vc_column width=&#8221;3\/12&#8243;][\/vc_column][vc_column width=&#8221;3\/12&#8243; css=&#8221;.vc_custom_1560239978404{padding-right: 50px !important;padding-left: 50px !important;}&#8221;][vc_single_image image=&#8221;19614&#8243; img_size=&#8221;medium&#8221; alignment=&#8221;center&#8221; img_link_target=&#8221;_blank&#8221; onclick=&#8221;custom_link&#8221; link=&#8221;http:\/\/www.aga-online.ch\/aga-instruktoren\/&#8221;][\/vc_column][vc_column width=&#8221;3\/12&#8243;]<div class=\"dfd-spacer-module\"  data-units=\"px\" data-wide_resolution=\"1280\" data-wide_size=\"0\" data-normal_resolution=\"1024\" data-normal_size=\"\" data-tablet_resolution=\"800\" data-tablet_size=\"40\" data-mobile_resolution=\"480\" data-mobile_size=\"40\" style=\"height: 0px;\"><\/div>[vc_single_image image=&#8221;19648&#8243; img_size=&#8221;medium&#8221; alignment=&#8221;center&#8221; img_link_target=&#8221;_blank&#8221; onclick=&#8221;custom_link&#8221; link=&#8221;http:\/\/www.aga-online.ch\/aga-instruktoren\/&#8221;][\/vc_column][vc_column width=&#8221;3\/12&#8243;][\/vc_column][\/vc_row][vc_row][vc_column]<div class=\"dfd-spacer-module\"  data-units=\"px\" data-wide_resolution=\"1280\" data-wide_size=\"80\" data-normal_resolution=\"1024\" data-normal_size=\"80\" data-tablet_resolution=\"800\" data-tablet_size=\"60\" data-mobile_resolution=\"480\" data-mobile_size=\"40\" style=\"height: 80px;\"><\/div>[\/vc_column][\/vc_row]<\/p>\n<\/section>","protected":false},"excerpt":{"rendered":"<p>[vc_row][vc_column][rev_slider_vc alias=&#8221;fifty-en-1&#8243;][\/vc_column][\/vc_row][vc_row][vc_column][\/vc_column][\/vc_row][vc_row force_equal_height_columns=&#8221;main_row&#8221; dfd_row_config=&#8221;full_width_content&#8221; mobile_destroy_equal_heights=&#8221;yes&#8221;][vc_column width=&#8221;1\/12&#8243;][\/vc_column][vc_column width=&#8221;6\/12&#8243;][vc_column_text css=&#8221;.vc_custom_1560688577914{border-top-width: 1px !important;border-left-width: 1px !important;padding-top: 30px !important;padding-left: 30px !important;border-left-color: #1b75bc !important;border-left-style: solid !important;border-top-color: #1b75bc !important;border-top-style: solid !important;}&#8221;] Il Prof. Philipp Heuberer \u00e8 cresciuto<\/p>\n","protected":false},"author":2,"featured_media":0,"parent":0,"menu_order":0,"comment_status":"closed","ping_status":"closed","template":"page-custom.php","meta":{"footnotes":""},"class_list":["post-21215","page","type-page","status-publish","hentry"],"_links":{"self":[{"href":"https:\/\/heuberer.at\/it\/wp-json\/wp\/v2\/pages\/21215","targetHints":{"allow":["GET"]}}],"collection":[{"href":"https:\/\/heuberer.at\/it\/wp-json\/wp\/v2\/pages"}],"about":[{"href":"https:\/\/heuberer.at\/it\/wp-json\/wp\/v2\/types\/page"}],"author":[{"embeddable":true,"href":"https:\/\/heuberer.at\/it\/wp-json\/wp\/v2\/users\/2"}],"replies":[{"embeddable":true,"href":"https:\/\/heuberer.at\/it\/wp-json\/wp\/v2\/comments?post=21215"}],"version-history":[{"count":11,"href":"https:\/\/heuberer.at\/it\/wp-json\/wp\/v2\/pages\/21215\/revisions"}],"predecessor-version":[{"id":21393,"href":"https:\/\/heuberer.at\/it\/wp-json\/wp\/v2\/pages\/21215\/revisions\/21393"}],"wp:attachment":[{"href":"https:\/\/heuberer.at\/it\/wp-json\/wp\/v2\/media?parent=21215"}],"curies":[{"name":"wp","href":"https:\/\/api.w.org\/{rel}","templated":true}]}}