{"id":21196,"date":"2019-07-14T14:25:20","date_gmt":"2019-07-14T14:25:20","guid":{"rendered":"https:\/\/heuberer.at\/terapia-del-dolore-antinfiammatoria-e-analgesica\/"},"modified":"2023-04-19T12:54:43","modified_gmt":"2023-04-19T12:54:43","slug":"terapia-del-dolore-antinfiammatoria-e-analgesica","status":"publish","type":"page","link":"https:\/\/heuberer.at\/it\/terapia-del-dolore-antinfiammatoria-e-analgesica\/","title":{"rendered":"Terapia del dolore: antinfiammatoria e analgesica"},"content":{"rendered":"<section class=\"wpb-content-wrapper\"><p>[vc_row][vc_column]<div class=\"dfd-heading-shortcode\"><div class=\"dfd-heading-module-wrap  text-left style_01 dfd-heading-69f1886b4b14d dfd-disable-resposive-headings\" id=\"dfd-heading-69f1886b4b14d\" ><div class=\"inline-block\"><div class=\"dfd-heading-module\"><h2 class=\"widget-title dfd-title \" style=\"font-family:Raleway; font-weight:300; font-style:normal; font-size: 30px; line-height: 30px; \">Laserterapia ad alta energia<\/h2><div class=\"dfd-heading-delimiter dfd-img-lazy-load\"><\/div><\/div><\/div><\/div><script type=\"text\/javascript\">\r\n\t\t\t\t\t\t\t\t\t(function($) {\r\n\t\t\t\t\t\t\t\t\t\t$(\"head\").append(\"<style>.dfd-heading-69f1886b4b14d.dfd-heading-module-wrap .dfd-heading-module .dfd-heading-delimiter {border-bottom-style:solid;border-bottom-width:1px;width:200px;border-bottom-color:#dddddd;}.dfd-heading-69f1886b4b14d.dfd-heading-module-wrap .dfd-heading-module .dfd-heading-delimiter {margin-top:15px;margin-bottom:20px;}<\/style>\");\r\n\t\t\t\t\t\t\t\t\t})(jQuery);\r\n\t\t\t\t\t\t\t\t<\/script><\/div>[vc_column_text]La laserterapia ad alta energia ha un effetto antinfiammatorio e analgesico. Oltre a lenire il dolore, la biostimolazione favorisce una rapida rigenerazione dei tessuti e l\u2019assorbimento degli ematomi.<br \/>\nIl fascio laser ad alta energia stimola la circolazione sanguigna nei tessuti trattati e migliora il metabolismo. Le cellule cos\u00ec stimolate accelerano il loro metabolismo e si favorisce la rigenerazione cellulare. Le sostanze infiammatorie e gli accumuli di liquidi vengono eliminati pi\u00f9 rapidamente e i processi di guarigione vengono accelerati grazie all\u2019aumento della microcircolazione linfatica e venosa.<\/p>\n<p>Inoltre, si osserva una stimolazione del rilascio di endorfine, che rende il laser molto adatto come terapia del dolore per il trattamento delle alterazioni infiammatorie e traumatiche del sistema muscolo-scheletrico, che si verificano soprattutto dopo operazioni o incidenti. Soprattutto dopo interventi chirurgici, l\u2019uso del laser ad alta energia porta a un assorbimento pi\u00f9 rapido dell\u2019ematoma e alla rigenerazione dei tessuti, oltre che alla riduzione del dolore.[\/vc_column_text][\/vc_column][\/vc_row][vc_row][vc_column]<div class=\"dfd-spacer-module\"  data-units=\"px\" data-wide_resolution=\"1280\" data-wide_size=\"50\" data-normal_resolution=\"1024\" data-normal_size=\"50\" data-tablet_resolution=\"800\" data-tablet_size=\"40\" data-mobile_resolution=\"480\" data-mobile_size=\"30\" style=\"height: 50px;\"><\/div><div class=\"dfd-heading-shortcode\"><div class=\"dfd-heading-module-wrap  text-left style_01 dfd-heading-69f1886b4b28c dfd-disable-resposive-headings\" id=\"dfd-heading-69f1886b4b28c\" ><div class=\"inline-block\"><div class=\"dfd-heading-module\"><h2 class=\"widget-title dfd-title \" style=\"font-family:Raleway; font-weight:300; font-style:normal; font-size: 30px; line-height: 30px; \">Terapia a onde d\u2019urto extracorporee<\/h2><div class=\"dfd-heading-delimiter dfd-img-lazy-load\"><\/div><\/div><\/div><\/div><script type=\"text\/javascript\">\r\n\t\t\t\t\t\t\t\t\t(function($) {\r\n\t\t\t\t\t\t\t\t\t\t$(\"head\").append(\"<style>.dfd-heading-69f1886b4b28c.dfd-heading-module-wrap .dfd-heading-module .dfd-heading-delimiter {border-bottom-style:solid;border-bottom-width:1px;width:200px;border-bottom-color:#dddddd;}.dfd-heading-69f1886b4b28c.dfd-heading-module-wrap .dfd-heading-module .dfd-heading-delimiter {margin-top:15px;margin-bottom:20px;}<\/style>\");\r\n\t\t\t\t\t\t\t\t\t})(jQuery);\r\n\t\t\t\t\t\t\t\t<\/script><\/div>[vc_column_text]Le onde d\u2019urto sono onde meccaniche ad alta energia il cui effetto pu\u00f2 essere focalizzato con precisione sul tessuto malato. Studi di medicina molecolare hanno dimostrato che le onde d\u2019urto modificano l\u2019ambiente del tessuto trattato, sciolgono il calcio, causano la morte del tessuto degenerato e di conseguenza avviano un processo di riparazione. Inoltre, le onde d\u2019urto favoriscono il rilascio di fattori di crescita e cellule staminali, che stimolano a loro volta la rigenerazione dei tessuti. Un ulteriore effetto della terapia a onde d\u2019urto \u00e8 la riduzione del dolore, dovuta al blocco dei recettori del dolore o a cambiamenti nella membrana cellulare che ne interrompono la trasmissione.<\/p>\n<p>Esistono 2 tipi di terapia a onde d\u2019urto extracorporee:<\/p>\n<ul>\n<li>Terapia a onde d\u2019urto focalizzate ad alta energia, utilizzata principalmente per le infiammazioni dei tessuti profondi. L\u2019area da trattare viene localizzata e circoscritta mediante ultrasuoni e, se necessario, sottoposta ad anestesia locale, poich\u00e9 le onde d\u2019urto sviluppano un\u2019intensit\u00e0 elevata. Gi\u00e0 dopo 3-6 sedute \u00e8 possibile ottenere una guarigione definitiva.<\/li>\n<li>Terapia a onde d\u2019urto radiali, utilizzata principalmente per trattare i trigger point muscolari. I trigger point, detti anche nodi muscolari, sono la causa pi\u00f9 comune e meno conosciuta di dolori all\u2019apparato muscolo-scheletrico. Si tratta di contratture muscolari che fanno s\u00ec che le fibre muscolari non possano pi\u00f9 scorrere tra loro. Questi nodi si percepiscono molto bene e spesso sono all\u2019origine di sindromi dolorose come la tendinite. La terapia a onde d\u2019urto radiali \u00e8 un buon metodo per ammorbidire i muscoli e trattare i trigger point.<\/li>\n<\/ul>\n<p>Le aree di applicazione della terapia a onde d\u2019urto sono:<\/p>\n<ul>\n<li>dolore acuto e cronico alla colonna vertebrale nella zona cervicale, toracica e lombare<\/li>\n<li>ernia del disco<\/li>\n<li>alterazioni degenerative delle articolazioni vertebrali<\/li>\n<li>sciatica<\/li>\n<li>lombalgia<\/li>\n<li>tensione muscolare<\/li>\n<li>dolore alla spalla<\/li>\n<li>calcificazioni nella spalla<\/li>\n<li>infiammazione della cuffia dei rotatori<\/li>\n<li>gomito del tennista<\/li>\n<li>rizoartrosi, dolore all\u2019articolazione metacarpo-falangea del pollice<\/li>\n<li>alterazioni degenerative del polso<\/li>\n<li>lesioni sportive a tendini e articolazioni e alla colonna vertebrale, contusioni ossee, edema osseo<\/li>\n<li>artrosi nelle articolazioni dell\u2019anca e del ginocchio con dolore ai tessuti molli<\/li>\n<li>dolore ai tessuti molli nella regione dell\u2019anca<\/li>\n<li>tendinite del rotuleo, ginocchio del saltatore<\/li>\n<li>tendinopatia acuta e cronica del tendine di Achille<\/li>\n<li>rottura o gonfiore del tendine di Achille<\/li>\n<li>dolore al tallone dovuto a spina calcaneare inferiore o superiore, fascite plantare<\/li>\n<li>dolore all\u2019alluce, metatarsalgia<\/li>\n<li>neuroma di Morton<\/li>\n<li>fratture spontanee<\/li>\n<\/ul>\n<p>[\/vc_column_text][\/vc_column][\/vc_row][vc_row][vc_column]<div class=\"ult-spacer spacer-69f1886b4b319\" data-id=\"69f1886b4b319\" data-height=\"40\" data-height-mobile=\"40\" data-height-tab=\"40\" data-height-tab-portrait=\"40\" data-height-mobile-landscape=\"40\" style=\"clear:both;display:block;\"><\/div>[\/vc_column][\/vc_row][vc_row][vc_column width=&#8221;1\/2&#8243;][vc_single_image image=&#8221;19701&#8243; img_size=&#8221;582&#215;823&#8243;][\/vc_column][vc_column width=&#8221;1\/2&#8243;][vc_single_image image=&#8221;19700&#8243; img_size=&#8221;582&#215;823&#8243;][\/vc_column][\/vc_row][vc_row][vc_column]<div class=\"dfd-spacer-module\"  data-units=\"px\" data-wide_resolution=\"1280\" data-wide_size=\"50\" data-normal_resolution=\"1024\" data-normal_size=\"50\" data-tablet_resolution=\"800\" data-tablet_size=\"40\" data-mobile_resolution=\"480\" data-mobile_size=\"30\" style=\"height: 50px;\"><\/div><div class=\"dfd-heading-shortcode\"><div class=\"dfd-heading-module-wrap  text-left style_01 dfd-heading-69f1886b4b3ab dfd-disable-resposive-headings\" id=\"dfd-heading-69f1886b4b3ab\" ><div class=\"inline-block\"><div class=\"dfd-heading-module\"><h2 class=\"widget-title dfd-title \" style=\"font-family:Raleway; font-weight:300; font-style:normal; font-size: 30px; line-height: 30px; \">Trattamento dei trigger point<\/h2><div class=\"dfd-heading-delimiter dfd-img-lazy-load\"><\/div><\/div><\/div><\/div><script type=\"text\/javascript\">\r\n\t\t\t\t\t\t\t\t\t(function($) {\r\n\t\t\t\t\t\t\t\t\t\t$(\"head\").append(\"<style>.dfd-heading-69f1886b4b3ab.dfd-heading-module-wrap .dfd-heading-module .dfd-heading-delimiter {border-bottom-style:solid;border-bottom-width:1px;width:200px;border-bottom-color:#dddddd;}.dfd-heading-69f1886b4b3ab.dfd-heading-module-wrap .dfd-heading-module .dfd-heading-delimiter {margin-top:15px;margin-bottom:20px;}<\/style>\");\r\n\t\t\t\t\t\t\t\t\t})(jQuery);\r\n\t\t\t\t\t\t\t\t<\/script><\/div>[vc_column_text]Se un muscolo deve lavorare al 50% della sua forza massima per un periodo di tempo prolungato, si verifica una carenza di sangue, generalmente dolorosa, nei singoli fasci di fibre. La muscolatura sottoposta a sollecitazioni continue si accorcia e soprattutto le attivit\u00e0 ripetitive (attivit\u00e0 sedentarie, lavoro in catena di montaggio o al computer, sport) portano a sviluppare alcuni tipi di tensioni (sindromi dolorose miofasciali). Tali sindromi sono appunto causate dalla formazione di nodi muscolari o trigger point. Oltre alla terapia a onde d\u2019urto radiali, un trattamento molto efficace per le sindromi dolorose miofasciali o dei trigger point \u00e8 il cosiddetto \u201cneedling\u201d, che consiste nel localizzare i nodi muscolari per poi pungerli con un sottile ago. Idealmente, i muscoli si contraggono per poi rilassarsi, sciogliendo cos\u00ec il nodo muscolare. Contemporaneamente, \u00e8 preferibile iniettare nella muscolatura un anestetico locale, in modo che la memoria del dolore venga cancellata, il metabolismo muscolare si normalizzi e la muscolatura possa quindi rilassarsi e rigenerarsi. In questo modo si ottiene l\u2019eliminazione permanente dei disturbi muscolari o tendinei.[\/vc_column_text][\/vc_column][\/vc_row][vc_row][vc_column]<div class=\"dfd-spacer-module\"  data-units=\"px\" data-wide_resolution=\"1280\" data-wide_size=\"50\" data-normal_resolution=\"1024\" data-normal_size=\"50\" data-tablet_resolution=\"800\" data-tablet_size=\"40\" data-mobile_resolution=\"480\" data-mobile_size=\"30\" style=\"height: 50px;\"><\/div><div class=\"dfd-heading-shortcode\"><div class=\"dfd-heading-module-wrap  text-left style_01 dfd-heading-69f1886b4b484 dfd-disable-resposive-headings\" id=\"dfd-heading-69f1886b4b484\" ><div class=\"inline-block\"><div class=\"dfd-heading-module\"><h2 class=\"widget-title dfd-title \" style=\"font-family:Raleway; font-weight:300; font-style:normal; font-size: 30px; line-height: 30px; \">Medicina manuale<\/h2><div class=\"dfd-heading-delimiter dfd-img-lazy-load\"><\/div><\/div><\/div><\/div><script type=\"text\/javascript\">\r\n\t\t\t\t\t\t\t\t\t(function($) {\r\n\t\t\t\t\t\t\t\t\t\t$(\"head\").append(\"<style>.dfd-heading-69f1886b4b484.dfd-heading-module-wrap .dfd-heading-module .dfd-heading-delimiter {border-bottom-style:solid;border-bottom-width:1px;width:200px;border-bottom-color:#dddddd;}.dfd-heading-69f1886b4b484.dfd-heading-module-wrap .dfd-heading-module .dfd-heading-delimiter {margin-top:15px;margin-bottom:20px;}<\/style>\");\r\n\t\t\t\t\t\t\t\t\t})(jQuery);\r\n\t\t\t\t\t\t\t\t<\/script><\/div>[vc_column_text]Un\u2019altra possibilit\u00e0 per riconoscere e trattare le patologie e le disfunzioni articolari, nonch\u00e9 i disturbi funzionali della colonna vertebrale \u00e8 la medicina manuale (chiropratica).<\/p>\n<p>In questo caso, si esamina il segmento motorio che d\u00e0 problemi nella sua interezza e lo si ripara.<\/p>\n<p>A causa di blocchi causati da carichi errati, processi riflessi come nelle sindromi dolorose miofasciali e alterazioni strutturali delle articolazioni, viene compromessa l\u2019unit\u00e0 funzionale formata da sistema nervoso di controllo, muscolatura e articolazione.<\/p>\n<p>Di conseguenza, si verificano sequele meccaniche con limitazioni della mobilit\u00e0, dolore e disfunzioni, nonch\u00e9 effetti a distanza sul sistema motorio e persino sugli organi interni.<\/p>\n<p>In medicina manuale, il segmento motorio interessato viene mobilizzato e portato alla tensione di fine movimento. Nella fase successiva della manipolazione, la tensione raggiunta viene mantenuta come pretensione, il segmento motorio viene bloccato e mobilizzato in maniera controllata e spinto o tirato nella direzione di trattamento prevista. In questo modo il segmento motorio si sblocca, il che di solito si manifesta sentendo uno \u201cscrocchio\u201d.[\/vc_column_text][\/vc_column][\/vc_row][vc_row][vc_column]<div class=\"ult-spacer spacer-69f1886b4b4ef\" data-id=\"69f1886b4b4ef\" data-height=\"40\" data-height-mobile=\"40\" data-height-tab=\"40\" data-height-tab-portrait=\"40\" data-height-mobile-landscape=\"40\" style=\"clear:both;display:block;\"><\/div>[\/vc_column][\/vc_row][vc_row][vc_column width=&#8221;2\/3&#8243;][vc_single_image image=&#8221;19703&#8243; img_size=&#8221;full&#8221;][\/vc_column][vc_column width=&#8221;1\/3&#8243;][vc_single_image image=&#8221;19702&#8243; img_size=&#8221;181&#215;543&#8243;][\/vc_column][\/vc_row][vc_row][vc_column]<div class=\"dfd-spacer-module\"  data-units=\"px\" data-wide_resolution=\"1280\" data-wide_size=\"50\" data-normal_resolution=\"1024\" data-normal_size=\"50\" data-tablet_resolution=\"800\" data-tablet_size=\"40\" data-mobile_resolution=\"480\" data-mobile_size=\"30\" style=\"height: 50px;\"><\/div><div class=\"dfd-heading-shortcode\"><div class=\"dfd-heading-module-wrap  text-left style_01 dfd-heading-69f1886b4b576 dfd-disable-resposive-headings\" id=\"dfd-heading-69f1886b4b576\" ><div class=\"inline-block\"><div class=\"dfd-heading-module\"><h2 class=\"widget-title dfd-title \" style=\"font-family:Raleway; font-weight:300; font-style:normal; font-size: 30px; line-height: 30px; \">Infiltrazioni<\/h2><div class=\"dfd-heading-delimiter dfd-img-lazy-load\"><\/div><\/div><\/div><\/div><script type=\"text\/javascript\">\r\n\t\t\t\t\t\t\t\t\t(function($) {\r\n\t\t\t\t\t\t\t\t\t\t$(\"head\").append(\"<style>.dfd-heading-69f1886b4b576.dfd-heading-module-wrap .dfd-heading-module .dfd-heading-delimiter {border-bottom-style:solid;border-bottom-width:1px;width:200px;border-bottom-color:#dddddd;}.dfd-heading-69f1886b4b576.dfd-heading-module-wrap .dfd-heading-module .dfd-heading-delimiter {margin-top:15px;margin-bottom:20px;}<\/style>\");\r\n\t\t\t\t\t\t\t\t\t})(jQuery);\r\n\t\t\t\t\t\t\t\t<\/script><\/div>[vc_column_text]Di solito, le infiltrazioni a livello delle articolazioni, della colonna vertebrale, dei tendini, dei legamenti e dei muscoli riescono a ottenere ottimi risultati per la sintomatologia dolorosa dell\u2019apparato muscolo-scheletrico e facilitano inoltre la terapia manuale. Esistono varie tecniche per alleviare il dolore. Con un\u2019adeguata disinfezione e utilizzando siringhe e aghi sterili, \u00e8 possibile trattare articolazioni grandi e piccole con la tecnica dell\u2019infiltrazione.<\/p>\n<p>Nella maggior parte dei casi, si utilizza un farmaco con effetto anestetico, ovvero di riduzione del dolore (ad esempio, Xyloneural). \u00c8 importante che l\u2019infiltrazione non riguardi solo l\u2019articolazione, ma anche la pelle, il tessuto sottocutaneo e la capsula articolare.<\/p>\n<p>Per la colonna vertebrale esistono varie tecniche superficiali (ad esempio, infiltrazioni sottocutanee o intramuscolari), ma anche infiltrazioni profonde, che possono arrivare fino all\u2019articolazione intervertebrale e al punto di uscita del nervo che origina dal midollo spinale. Particolare \u00e8 la cosiddetta infiltrazione epidurale, dove, nell\u2019ambito della terapia neurale, il canale vertebrale viene riempito di anestetico locale, riducendo l\u2019infiammazione e consentendo la riprogrammazione e il recupero dei nervi spinali.<\/p>\n<p>Come per la medicina manuale, l\u2019obiettivo del trattamento a base di infiltrazioni \u00e8 ridurre il dolore e ripristinare le funzionalit\u00e0 compromesse.<\/p>\n<p>&nbsp;<\/p>\n<p>Soprattutto quando si effettuano infiltrazioni in articolazioni, tendini o addirittura nella colonna vertebrale, \u00e8 altamente consigliato farlo con l\u2019aiuto di una procedura di imaging per garantire il corretto posizionamento dell\u2019ago e non ferire le strutture circostanti. Grazie all\u2019eccellente definizione delle immagini e ai vantaggi per il paziente, le <strong>infiltrazioni ecoguidate<\/strong> sono ormai diventate il gold standard. Nel mio studio, eseguo infiltrazioni solo sotto controllo ecografico per garantire il miglior risultato possibile.[\/vc_column_text][\/vc_column][\/vc_row]<\/p>\n<\/section>","protected":false},"excerpt":{"rendered":"<p>[vc_row][vc_column][vc_column_text]La laserterapia ad alta energia ha un effetto antinfiammatorio e analgesico. Oltre a lenire il dolore, la biostimolazione favorisce una rapida rigenerazione dei tessuti e l\u2019assorbimento degli ematomi. Il fascio<\/p>\n","protected":false},"author":2,"featured_media":0,"parent":0,"menu_order":0,"comment_status":"closed","ping_status":"closed","template":"","meta":{"footnotes":""},"class_list":["post-21196","page","type-page","status-publish","hentry"],"_links":{"self":[{"href":"https:\/\/heuberer.at\/it\/wp-json\/wp\/v2\/pages\/21196","targetHints":{"allow":["GET"]}}],"collection":[{"href":"https:\/\/heuberer.at\/it\/wp-json\/wp\/v2\/pages"}],"about":[{"href":"https:\/\/heuberer.at\/it\/wp-json\/wp\/v2\/types\/page"}],"author":[{"embeddable":true,"href":"https:\/\/heuberer.at\/it\/wp-json\/wp\/v2\/users\/2"}],"replies":[{"embeddable":true,"href":"https:\/\/heuberer.at\/it\/wp-json\/wp\/v2\/comments?post=21196"}],"version-history":[{"count":4,"href":"https:\/\/heuberer.at\/it\/wp-json\/wp\/v2\/pages\/21196\/revisions"}],"predecessor-version":[{"id":21322,"href":"https:\/\/heuberer.at\/it\/wp-json\/wp\/v2\/pages\/21196\/revisions\/21322"}],"wp:attachment":[{"href":"https:\/\/heuberer.at\/it\/wp-json\/wp\/v2\/media?parent=21196"}],"curies":[{"name":"wp","href":"https:\/\/api.w.org\/{rel}","templated":true}]}}