{"id":21191,"date":"2019-09-09T11:50:29","date_gmt":"2019-09-09T11:50:29","guid":{"rendered":"https:\/\/heuberer.at\/terapia-rigenerativa\/"},"modified":"2023-04-19T12:27:40","modified_gmt":"2023-04-19T12:27:40","slug":"terapia-rigenerativa","status":"publish","type":"page","link":"https:\/\/heuberer.at\/it\/terapia-rigenerativa\/","title":{"rendered":"Terapia rigenerativa"},"content":{"rendered":"<section class=\"wpb-content-wrapper\"><p>[vc_row][vc_column]<div class=\"dfd-heading-shortcode\"><div class=\"dfd-heading-module-wrap  text-left style_01 dfd-heading-69d73e175d267 dfd-disable-resposive-headings\" id=\"dfd-heading-69d73e175d267\" ><div class=\"inline-block\"><div class=\"dfd-heading-module\"><h2 class=\"widget-title dfd-title \" style=\"font-family:Raleway; font-weight:300; font-style:normal; font-size: 30px; line-height: 30px; \">TERAPIA A BASE DI PRP<\/h2><div class=\"dfd-heading-delimiter dfd-img-lazy-load\"><\/div><\/div><\/div><\/div><script type=\"text\/javascript\">\r\n\t\t\t\t\t\t\t\t\t(function($) {\r\n\t\t\t\t\t\t\t\t\t\t$(\"head\").append(\"<style>.dfd-heading-69d73e175d267.dfd-heading-module-wrap .dfd-heading-module .dfd-heading-delimiter {border-bottom-style:solid;border-bottom-width:1px;width:200px;border-bottom-color:#dddddd;}.dfd-heading-69d73e175d267.dfd-heading-module-wrap .dfd-heading-module .dfd-heading-delimiter {margin-top:15px;margin-bottom:20px;}<\/style>\");\r\n\t\t\t\t\t\t\t\t\t})(jQuery);\r\n\t\t\t\t\t\t\t\t<\/script><\/div>[vc_column_text]La terapia a base di PRP (Platelet-Rich Plasma, plasma ricco di piastrine) sfrutta la consapevolezza che il nostro sangue contiene agenti curativi e fattori di crescita in grado di avviare e favorire i processi di guarigione in caso di lesioni o malattie croniche. Diversi studi hanno dimostrato che il PRP ha un\u2019alta densit\u00e0 di citochine, che riducono l\u2019infiammazione, il sanguinamento post-operatorio, la cicatrizzazione e le infezioni e, d\u2019altro canto, promuovono la guarigione di ossa, ferite e lesioni muscolari e dei tessuti molli. Pertanto, il trattamento a base di PRP di articolazioni, tendini, legamenti e muscoli \u00e8 un metodo che utilizziamo regolarmente.<\/p>\n<p>Il suo funzionamento si basa sul fatto che le piastrine (trombociti) ricavate dal sangue degranulano dopo l\u2019iniezione, rilasciando vari fattori di crescita che hanno una capacit\u00e0 rigenerativa. Inoltre, nell\u2019artrosi, viene inibito l\u2019effetto infiammatorio tossico sulle cellule della cartilagine e il PRP aumenta anche l\u2019attivit\u00e0 sintetica della cartilagine. Il PRP migliora quindi l\u2019ambiente articolare e lo protegge da un\u2019ulteriore degenerazione.<\/p>\n<p>Grazie ai noti effetti positivi dell\u2019acido ialuronico sulla cartilagine, la combinazione di acido ialuronico e PRP \u00e8 la migliore opzione possibile per guarire l\u2019articolazione, come dimostrato da vari studi internazionali. A seconda della regione e del danno, possono essere necessarie da 3 a 6 applicazioni, a intervalli di 7-14 giorni.[\/vc_column_text]<div id=\"ultimate-video-708269d73e175d3a6\" class=\"ult-video  ult-adjust-bottom-margin ultimate-video-708269d73e175d3a6 ultv-7829 \"><div class=\"ultv-video ultv-aspect-ratio-16_9 ultv-subscribe-responsive-none\" data-videotype=\"uv_iframe\">\r\n\t\t\t\t\t\t<div class=\"ultv-video__outer-wrap\" data-autoplay=\"0\" data-device=\"false\"  data-iconbg=\"#3A3A3A\" data-overcolor=\"\" data-defaultbg=\"#1f1f1e\" data-defaultplay=\"defaulticon\"><div class=\"ultv-video__play\" data-src=\"https:\/\/www.youtube.com\/embed\/_9TkXY6qhUI?rel=0&amp;start&amp;end&amp;controls=1&amp;mute=0&amp;modestbranding=0&amp;autoplay=1\">\r\n\t\t\t\t\t\t\t\t<img decoding=\"async\" class=\"ultv-video__thumb\" src=\"https:\/\/i.ytimg.com\/vi\/_9TkXY6qhUI\/maxresdefault.jpg\"\/>\r\n\t\t\t\t\t\t\t\t<div class=\"ultv-video__play-icon  ultv-animation-none\" style=\"width:75px\"><svg height=\"100%\" version=\"1.1\" viewBox=\"0 0 68 48\" width=\"100%\"><path class=\"ultv-youtube-icon-bg\" d=\"m .66,37.62 c 0,0 .66,4.70 2.70,6.77 2.58,2.71 5.98,2.63 7.49,2.91 5.43,.52 23.10,.68 23.12,.68 .00,-1.3e-5 14.29,-0.02 23.81,-0.71 1.32,-0.15 4.22,-0.17 6.81,-2.89 2.03,-2.07 2.70,-6.77 2.70,-6.77 0,0 .67,-5.52 .67,-11.04 l 0,-5.17 c 0,-5.52 -0.67,-11.04 -0.67,-11.04 0,0 -0.66,-4.70 -2.70,-6.77 C 62.03,.86 59.13,.84 57.80,.69 48.28,0 34.00,0 34.00,0 33.97,0 19.69,0 10.18,.69 8.85,.84 5.95,.86 3.36,3.58 1.32,5.65 .66,10.35 .66,10.35 c 0,0 -0.55,4.50 -0.66,9.45 l 0,8.36 c .10,4.94 .66,9.45 .66,9.45 z\" fill=\"#1f1f1e\" ><\/path><path d=\"m 26.96,13.67 18.37,9.62 -18.37,9.55 -0.00,-19.17 z\" fill=\"#fff\"><\/path><path d=\"M 45.02,23.46 45.32,23.28 26.96,13.67 43.32,22.34 45.02,23.46 z\" fill=\"#ccc\"><\/path><\/svg><\/div> <\/div> <\/div><\/div><\/div>[\/vc_column][\/vc_row][vc_row][vc_column]<div class=\"dfd-spacer-module\"  data-units=\"px\" data-wide_resolution=\"1280\" data-wide_size=\"50\" data-normal_resolution=\"1024\" data-normal_size=\"50\" data-tablet_resolution=\"800\" data-tablet_size=\"40\" data-mobile_resolution=\"480\" data-mobile_size=\"30\" style=\"height: 50px;\"><\/div><div class=\"dfd-heading-shortcode\"><div class=\"dfd-heading-module-wrap  text-left style_01 dfd-heading-69d73e175d4f0 dfd-disable-resposive-headings\" id=\"dfd-heading-69d73e175d4f0\" ><div class=\"inline-block\"><div class=\"dfd-heading-module\"><h2 class=\"widget-title dfd-title \" style=\"font-family:Raleway; font-weight:300; font-style:normal; font-size: 30px; line-height: 30px; \">Come viene eseguito il trattamento?<\/h2><div class=\"dfd-heading-delimiter dfd-img-lazy-load\"><\/div><\/div><\/div><\/div><script type=\"text\/javascript\">\r\n\t\t\t\t\t\t\t\t\t(function($) {\r\n\t\t\t\t\t\t\t\t\t\t$(\"head\").append(\"<style>.dfd-heading-69d73e175d4f0.dfd-heading-module-wrap .dfd-heading-module .dfd-heading-delimiter {border-bottom-style:solid;border-bottom-width:1px;width:200px;border-bottom-color:#dddddd;}.dfd-heading-69d73e175d4f0.dfd-heading-module-wrap .dfd-heading-module .dfd-heading-delimiter {margin-top:15px;margin-bottom:20px;}<\/style>\");\r\n\t\t\t\t\t\t\t\t\t})(jQuery);\r\n\t\t\t\t\t\t\t\t<\/script><\/div>[vc_column_text]La terapia a base di PRP pu\u00f2 essere effettuata direttamente in ambulatorio e non richiede alcuna preparazione. Tuttavia, consiglio di bere a sufficienza (almeno 3 litri di acqua) il giorno prima della terapia per ottenere una quantit\u00e0 sufficiente di PRP. Preferisco una tecnica chiamata \u201cAutologous conditioned plasma system\u201d o ACP, in quanto si tratta di un circuito chiuso e sterile e quindi di un sistema sicuro. A questo scopo si prelevano 15 ml di sangue, che vengono immediatamente centrifugati per separare il plasma contenente le piastrine e i fattori di crescita. Poi, con una seconda siringa interna, inietto il PRP cos\u00ec ottenuto nell\u2019articolazione, nel tendine, nel legamento o nel muscolo interessato, in maniera mirata con l\u2019ausilio dell\u2019ecografia e in condizioni sterili.<\/p>\n<p>La terapia ACP funziona perch\u00e9 i fattori di crescita presenti nel sangue, come l\u2019IGF-1, l\u2019EGF o il VEGF, vengono iniettati direttamente nella zona interessata e assicurano l\u2019avvio e l\u2019accelerazione del processo di guarigione. Questa procedura sfrutta le capacit\u00e0 rigenerative dell\u2019organismo, con il vantaggio che non si verificano effetti collaterali e che l\u2019uso della siringa sterile a doppia camera garantisce la massima sicurezza.<\/p>\n<p>Dopo il trattamento pu\u00f2 manifestarsi un gonfiore di breve durata dovuto al volume, che pu\u00f2 essere accompagnato per un breve periodo da dolore, a seconda del problema. \u00c8 possibile sostenere immediatamente carichi, mentre si consiglia un leggero esercizio fisico per aumentare la circolazione.<\/p>\n<p>Il trattamento ACP non \u00e8 considerato doping e non rientra nell\u2019elenco delle sostanze e dei metodi proibiti della WADA, poich\u00e9 non si tratta di una somministrazione di sostanze artificiali o di un aumento della quantit\u00e0 di fattori di crescita. Il trattamento \u00e8 quindi sicuro per gli atleti professionisti e dilettanti.[\/vc_column_text][\/vc_column][\/vc_row][vc_row][vc_column]<div class=\"ult-spacer spacer-69d73e175d58f\" data-id=\"69d73e175d58f\" data-height=\"40\" data-height-mobile=\"40\" data-height-tab=\"40\" data-height-tab-portrait=\"40\" data-height-mobile-landscape=\"40\" style=\"clear:both;display:block;\"><\/div>[\/vc_column][\/vc_row][vc_row][vc_column width=&#8221;1\/3&#8243;][vc_single_image image=&#8221;19719&#8243; img_size=&#8221;full&#8221;][\/vc_column][vc_column width=&#8221;1\/3&#8243;][vc_single_image image=&#8221;19720&#8243; img_size=&#8221;480&#215;522&#8243;][\/vc_column][vc_column width=&#8221;1\/3&#8243;][vc_single_image image=&#8221;19721&#8243; img_size=&#8221;480&#215;522&#8243;][\/vc_column][\/vc_row][vc_row][vc_column]<div class=\"dfd-spacer-module\"  data-units=\"px\" data-wide_resolution=\"1280\" data-wide_size=\"50\" data-normal_resolution=\"1024\" data-normal_size=\"50\" data-tablet_resolution=\"800\" data-tablet_size=\"40\" data-mobile_resolution=\"480\" data-mobile_size=\"30\" style=\"height: 50px;\"><\/div><div class=\"dfd-heading-shortcode\"><div class=\"dfd-heading-module-wrap  text-left style_01 dfd-heading-69d73e175d632 dfd-disable-resposive-headings\" id=\"dfd-heading-69d73e175d632\" ><div class=\"inline-block\"><div class=\"dfd-heading-module\"><h2 class=\"widget-title dfd-title \" style=\"font-family:Raleway; font-weight:300; font-style:normal; font-size: 30px; line-height: 30px; \">Quando si utilizza il PRP?<\/h2><div class=\"dfd-heading-delimiter dfd-img-lazy-load\"><\/div><\/div><\/div><\/div><script type=\"text\/javascript\">\r\n\t\t\t\t\t\t\t\t\t(function($) {\r\n\t\t\t\t\t\t\t\t\t\t$(\"head\").append(\"<style>.dfd-heading-69d73e175d632.dfd-heading-module-wrap .dfd-heading-module .dfd-heading-delimiter {border-bottom-style:solid;border-bottom-width:1px;width:200px;border-bottom-color:#dddddd;}.dfd-heading-69d73e175d632.dfd-heading-module-wrap .dfd-heading-module .dfd-heading-delimiter {margin-top:15px;margin-bottom:20px;}<\/style>\");\r\n\t\t\t\t\t\t\t\t\t})(jQuery);\r\n\t\t\t\t\t\t\t\t<\/script><\/div>[vc_column_text]L\u2019ACP viene utilizzato principalmente per le lesioni sportive croniche e le sindromi da overuse.<\/p>\n<p>Oltre all\u2019artrosi articolare, le condizioni pi\u00f9 comunemente trattate sono le seguenti:<br \/>\nlesioni tendinee croniche, come<br \/>\nachillodinia,<br \/>\ngomito del tennista,<br \/>\ntendinite del rotuleo o ginocchio del saltatore,<br \/>\nginocchio del corridore o anche<br \/>\nirritazioni del tendine del capo lungo del bicipite.<br \/>\nMa anche lesioni minori della cuffia dei rotatori della spalla o perfino lacerazioni del menisco possono essere curate con infiltrazioni di ACP.<\/p>\n<p>Oltre a sostituire l\u2019intervento chirurgico, l\u2019ACP migliora anche il processo di guarigione post-operatoria in seguito a ricostruzione di tendini o legamenti, consentendo una ripresa pi\u00f9 rapida. Il grande pugile austriaco Marcos Nader \u00e8 riuscito a conquistare il titolo IBF dei pesi medi appena 10 settimane dopo la sutura del tendine d\u2019Achille.<\/p>\n<p>In caso di lesioni acute, come strappi muscolari o lacerazioni di tendini e legamenti, il PRP ha anche il vantaggio di portare a una guarigione pi\u00f9 rapida dei tessuti.<br \/>\nTuttavia, \u00e8 essenziale un\u2019infiltrazione ecoguidata per ottenere il miglior risultato possibile.[\/vc_column_text][\/vc_column][\/vc_row][vc_row][vc_column]<div class=\"ult-spacer spacer-69d73e175d6bf\" data-id=\"69d73e175d6bf\" data-height=\"60\" data-height-mobile=\"40\" data-height-tab=\"50\" data-height-tab-portrait=\"50\" data-height-mobile-landscape=\"40\" style=\"clear:both;display:block;\"><\/div>[\/vc_column][\/vc_row][vc_row][vc_column width=&#8221;1\/2&#8243;][vc_single_image image=&#8221;19715&#8243; img_size=&#8221;full&#8221;][\/vc_column][vc_column width=&#8221;1\/2&#8243;][vc_single_image image=&#8221;19716&#8243; img_size=&#8221;540&#215;540&#8243;][\/vc_column][\/vc_row][vc_row][vc_column]<div class=\"ult-spacer spacer-69d73e175d6e4\" data-id=\"69d73e175d6e4\" data-height=\"40\" data-height-mobile=\"40\" data-height-tab=\"40\" data-height-tab-portrait=\"40\" data-height-mobile-landscape=\"40\" style=\"clear:both;display:block;\"><\/div>[\/vc_column][\/vc_row][vc_row][vc_column]<div class=\"dfd-spacer-module\"  data-units=\"px\" data-wide_resolution=\"1280\" data-wide_size=\"50\" data-normal_resolution=\"1024\" data-normal_size=\"50\" data-tablet_resolution=\"800\" data-tablet_size=\"40\" data-mobile_resolution=\"480\" data-mobile_size=\"30\" style=\"height: 50px;\"><\/div><div class=\"dfd-heading-shortcode\"><div class=\"dfd-heading-module-wrap  text-left style_01 dfd-heading-69d73e175d778 dfd-disable-resposive-headings\" id=\"dfd-heading-69d73e175d778\" ><div class=\"inline-block\"><div class=\"dfd-heading-module\"><h2 class=\"widget-title dfd-title \" style=\"font-family:Raleway; font-weight:300; font-style:normal; font-size: 30px; line-height: 30px; \">CONCENTRATI DI CELLULE STAMINALI<\/h2><div class=\"dfd-heading-delimiter dfd-img-lazy-load\"><\/div><\/div><\/div><\/div><script type=\"text\/javascript\">\r\n\t\t\t\t\t\t\t\t\t(function($) {\r\n\t\t\t\t\t\t\t\t\t\t$(\"head\").append(\"<style>.dfd-heading-69d73e175d778.dfd-heading-module-wrap .dfd-heading-module .dfd-heading-delimiter {border-bottom-style:solid;border-bottom-width:1px;width:200px;border-bottom-color:#dddddd;}.dfd-heading-69d73e175d778.dfd-heading-module-wrap .dfd-heading-module .dfd-heading-delimiter {margin-top:15px;margin-bottom:20px;}<\/style>\");\r\n\t\t\t\t\t\t\t\t\t})(jQuery);\r\n\t\t\t\t\t\t\t\t<\/script><\/div>[vc_column_text]Un ulteriore sviluppo nell\u2019uso del PRP \u00e8 l\u2019estrazione e la somministrazione di concentrati di cellule staminali miscelati con una concentrazione ancora pi\u00f9 elevata di fattori di crescita. Ci\u00f2 avviene in modo naturale, prelevando midollo osseo o grasso anzich\u00e9 sangue.<\/p>\n<p>Le cellule staminali sono cellule che non solo si riproducono da sole, ma possono anche differenziarsi in altre cellule. Le cellule staminali sono in grado di riparare, rigenerare e avere un forte effetto antinfiammatorio grazie al fatto che si sviluppano in vari tipi di cellule e influenzano quelli vicini rilasciando sostanze di segnalazione. Numerose pubblicazioni hanno dimostrato che l\u2019uso delle cellule staminali autologhe non produce effetti collaterali, ma ha addirittura effetti positivi sul sistema immunitario. Oltre a esercitare un effetto locale, quando vengono introdotte nel flusso sanguigno, le cellule staminali sono attratte dai tessuti infiammati, indeboliti o danneggiati, dove producono la loro azione rigenerante.<\/p>\n<p>La terapia con cellule staminali viene utilizzata per trattare aree deboli del corpo che non possono rigenerarsi da sole o con l\u2019aiuto di altri trattamenti.<\/p>\n<p>Come detto in precedenza, le cellule staminali possono essere ottenute dal midollo osseo o dal tessuto adiposo dell\u2019organismo. In entrambi i casi, \u00e8 necessario un piccolo intervento: il midollo osseo o il grasso vengono aspirati in anestesia locale e, eventualmente, sotto sedazione, per poi essere trattati meccanicamente in una centrifuga nel corso dello stesso intervento, con una procedura speciale. Il concentrato ottenuto viene poi iniettato nella zona del corpo interessata.<\/p>\n<p>Il vantaggio della terapia con cellule staminali \u00e8 che non \u00e8 necessario alcun intervento chirurgico e, grazie alla procedura mininvasiva, non si verifica praticamente alcun gonfiore. Inoltre, grazie all\u2019assenza di complicazioni e alla rapidit\u00e0 di esecuzione della terapia e al meccanismo d\u2019azione antinfettivo delle cellule staminali e dei fattori di crescita, il rischio di infezione \u00e8 trascurabile. Il trattamento viene eseguito in regime ambulatoriale e consente un rapido ritorno all\u2019attivit\u00e0 fisica. Grazie alla rigenerazione dei tessuti danneggiati (pelle, cartilagine, tendini, dischi intervertebrali\u2026), questo tipo di terapia pu\u00f2 anche essere combinato con l\u2019approccio chirurgico per un recupero pi\u00f9 rapido.[\/vc_column_text][\/vc_column][\/vc_row][vc_row][vc_column]<div class=\"ult-spacer spacer-69d73e175d801\" data-id=\"69d73e175d801\" data-height=\"40\" data-height-mobile=\"40\" data-height-tab=\"40\" data-height-tab-portrait=\"40\" data-height-mobile-landscape=\"40\" style=\"clear:both;display:block;\"><\/div>[\/vc_column][\/vc_row][vc_row][vc_column width=&#8221;1\/3&#8243;][vc_single_image image=&#8221;19708&#8243; img_size=&#8221;full&#8221;][\/vc_column][vc_column width=&#8221;1\/3&#8243;][vc_single_image image=&#8221;19710&#8243; img_size=&#8221;full&#8221;][\/vc_column][vc_column width=&#8221;1\/3&#8243;][vc_single_image image=&#8221;19711&#8243; img_size=&#8221;full&#8221;][\/vc_column][\/vc_row][vc_row][vc_column]<div class=\"dfd-spacer-module\"  data-units=\"px\" data-wide_resolution=\"1280\" data-wide_size=\"50\" data-normal_resolution=\"1024\" data-normal_size=\"50\" data-tablet_resolution=\"800\" data-tablet_size=\"40\" data-mobile_resolution=\"480\" data-mobile_size=\"30\" style=\"height: 50px;\"><\/div><div class=\"dfd-heading-shortcode\"><div class=\"dfd-heading-module-wrap  text-left style_01 dfd-heading-69d73e175d896 dfd-disable-resposive-headings\" id=\"dfd-heading-69d73e175d896\" ><div class=\"inline-block\"><div class=\"dfd-heading-module\"><h2 class=\"widget-title dfd-title \" style=\"font-family:Raleway; font-weight:300; font-style:normal; font-size: 30px; line-height: 30px; \">IN QUALI CASI SI UTILIZZA LA TERAPIA A BASE DI CELLULE STAMINALI?<\/h2><div class=\"dfd-heading-delimiter dfd-img-lazy-load\"><\/div><\/div><\/div><\/div><script type=\"text\/javascript\">\r\n\t\t\t\t\t\t\t\t\t(function($) {\r\n\t\t\t\t\t\t\t\t\t\t$(\"head\").append(\"<style>.dfd-heading-69d73e175d896.dfd-heading-module-wrap .dfd-heading-module .dfd-heading-delimiter {border-bottom-style:solid;border-bottom-width:1px;width:200px;border-bottom-color:#dddddd;}.dfd-heading-69d73e175d896.dfd-heading-module-wrap .dfd-heading-module .dfd-heading-delimiter {margin-top:15px;margin-bottom:20px;}<\/style>\");\r\n\t\t\t\t\t\t\t\t\t})(jQuery);\r\n\t\t\t\t\t\t\t\t<\/script><\/div>[vc_column_text]Le cellule staminali vengono sempre utilizzate in presenza di tessuti danneggiati o infiammazioni. Sono responsabili della rigenerazione e della riparazione dei tessuti corporei, in modo che le cellule come il tessuto connettivo, la cartilagine, i tendini, il cuore, i nervi e la pelle siano continuamente rinnovate e riparate.<\/p>\n<p>In presenza di un danno tissutale che l\u2019organismo non riesce pi\u00f9 a riparare da solo o con l\u2019aiuto di altri trattamenti, e se le cellule staminali locali sono troppo deboli o non sono pi\u00f9 disponibili in quantit\u00e0 sufficiente, questa terapia favorisce il processo di guarigione attraverso la somministrazione mirata di cellule staminali autologhe.<\/p>\n<p>Grazie alle forti propriet\u00e0 antinfiammatorie e rigeneranti delle cellule staminali autologhe, questa terapia apre grandi possibilit\u00e0 alla medicina.<\/p>\n<p>Le cellule staminali si sono affermate come elemento chiave della medicina rigenerativa grazie alla loro capacit\u00e0 di differenziarsi in diverse linee cellulari. Inoltre, la loro capacit\u00e0 di secrezione paracrina di un\u2019ampia gamma di citochine, chemochine e fattori di crescita le rende estremamente interessanti per l\u2019applicazione clinica. In particolare, gli effetti antiapoptotici (\u201capoptosi\u201d significa morte cellulare), antinfiammatori, vascolari, immunomodulatori e di rottura del tessuto cicatriziale rendono queste cellule molto interessanti per tutti i tipi di medicina rigenerativa.<\/p>\n<p>Poich\u00e9 le cellule mesenchimali adulte divisibili (cellule staminali) sono quelle pi\u00f9 promettenti per le terapie cellulari e sono presenti nel midollo osseo e nei depositi di grasso, esse costituiscono il tessuto di partenza per avere una fonte produttiva e di relativo facile accesso per ottenere cellule rigenerative. La secrezione aggiuntiva di fattori trofici, cos\u00ec come le loro propriet\u00e0 immunosoppressive e la bassa immunogenicit\u00e0 consentono di massimizzare i risultati terapeutici e rigenerativi in un ampio ventaglio di applicazioni, rendendole altamente rilevanti per le applicazioni cliniche. Di conseguenza, il potenziale terapeutico \u00e8 enorme e gli effetti collaterali possono essere praticamente esclusi.<\/p>\n<p>Il campo di applicazione \u00e8 ampio e completo:<\/p>\n<ul>\n<li>lesioni muscolari e tendinee<\/li>\n<li>guarigione di cicatrici e ferite<\/li>\n<li>rigenerazione ossea<\/li>\n<li>rigenerazione della cartilagine<\/li>\n<\/ul>\n<p>Inoltre, la terapia a base di cellule staminali pu\u00f2 essere utilizzata con successo anche per le patologie vascolari e i disturbi neurologici.[\/vc_column_text][\/vc_column][\/vc_row][vc_row][vc_column][\/vc_column][\/vc_row]<\/p>\n<\/section>","protected":false},"excerpt":{"rendered":"<p>[vc_row][vc_column][vc_column_text]La terapia a base di PRP (Platelet-Rich Plasma, plasma ricco di piastrine) sfrutta la consapevolezza che il nostro sangue contiene agenti curativi e fattori di crescita in grado di avviare<\/p>\n","protected":false},"author":2,"featured_media":0,"parent":0,"menu_order":0,"comment_status":"closed","ping_status":"closed","template":"","meta":{"footnotes":""},"class_list":["post-21191","page","type-page","status-publish","hentry"],"_links":{"self":[{"href":"https:\/\/heuberer.at\/it\/wp-json\/wp\/v2\/pages\/21191","targetHints":{"allow":["GET"]}}],"collection":[{"href":"https:\/\/heuberer.at\/it\/wp-json\/wp\/v2\/pages"}],"about":[{"href":"https:\/\/heuberer.at\/it\/wp-json\/wp\/v2\/types\/page"}],"author":[{"embeddable":true,"href":"https:\/\/heuberer.at\/it\/wp-json\/wp\/v2\/users\/2"}],"replies":[{"embeddable":true,"href":"https:\/\/heuberer.at\/it\/wp-json\/wp\/v2\/comments?post=21191"}],"version-history":[{"count":4,"href":"https:\/\/heuberer.at\/it\/wp-json\/wp\/v2\/pages\/21191\/revisions"}],"predecessor-version":[{"id":21320,"href":"https:\/\/heuberer.at\/it\/wp-json\/wp\/v2\/pages\/21191\/revisions\/21320"}],"wp:attachment":[{"href":"https:\/\/heuberer.at\/it\/wp-json\/wp\/v2\/media?parent=21191"}],"curies":[{"name":"wp","href":"https:\/\/api.w.org\/{rel}","templated":true}]}}