{"id":21185,"date":"2019-09-09T12:04:37","date_gmt":"2019-09-09T12:04:37","guid":{"rendered":"https:\/\/heuberer.at\/medicina-operativa-quando-e-necessario-eseguire-un-intervento\/"},"modified":"2023-04-19T12:21:17","modified_gmt":"2023-04-19T12:21:17","slug":"medicina-operativa-quando-e-necessario-eseguire-un-intervento","status":"publish","type":"page","link":"https:\/\/heuberer.at\/it\/medicina-operativa-quando-e-necessario-eseguire-un-intervento\/","title":{"rendered":"Chirurgia: quando \u00e8 necessario eseguire un intervento?"},"content":{"rendered":"<section class=\"wpb-content-wrapper\"><p>[vc_row][vc_column]<div class=\"dfd-heading-shortcode\"><div class=\"dfd-heading-module-wrap  text-left style_01 dfd-heading-69d4414df3582 dfd-disable-resposive-headings\" id=\"dfd-heading-69d4414df3582\" ><div class=\"inline-block\"><div class=\"dfd-heading-module\"><h2 class=\"widget-title dfd-title \" style=\"font-family:Raleway; font-weight:300; font-style:normal; font-size: 30px; line-height: 30px; \">Il mio obiettivo \u00e8 migliorare la vostra qualit\u00e0 di vita.<\/h2><div class=\"dfd-heading-delimiter dfd-img-lazy-load\"><\/div><\/div><\/div><\/div><script type=\"text\/javascript\">\r\n\t\t\t\t\t\t\t\t\t(function($) {\r\n\t\t\t\t\t\t\t\t\t\t$(\"head\").append(\"<style>.dfd-heading-69d4414df3582.dfd-heading-module-wrap .dfd-heading-module .dfd-heading-delimiter {border-bottom-style:solid;border-bottom-width:1px;width:200px;border-bottom-color:#dddddd;}.dfd-heading-69d4414df3582.dfd-heading-module-wrap .dfd-heading-module .dfd-heading-delimiter {margin-top:15px;margin-bottom:20px;}<\/style>\");\r\n\t\t\t\t\t\t\t\t\t})(jQuery);\r\n\t\t\t\t\t\t\t\t<\/script><\/div>[vc_column_text]Il mio obiettivo primario \u00e8 alleviare le vostre sofferenze in modo conservativo, senza ricorrere alla chirurgia. A volte, per\u00f2, quando il danno meccanico \u00e8 troppo grave, ci\u00f2 non \u00e8 pi\u00f9 possibile ed \u00e8 quindi necessario ripristinare la funzionalit\u00e0 con un intervento chirurgico, alleviando cos\u00ec definitivamente il dolore.<\/p>\n<p>Grazie alle metodiche pi\u00f9 avanzate nel campo dell\u2019artroscopia, \u00e8 possibile riparare con successo anche lesioni gravi. Grazie all\u2019approccio mininvasivo, \u00e8 possibile una rigenerazione rapida ed efficace. Tuttavia, se dovesse rendersi necessario un intervento a cielo aperto, come nel caso della sostituzione di un\u2019articolazione, i metodi moderni computer assistiti, con l\u2019ausilio dell\u2019intelligenza artificiale, consentono di produrre protesi articolari specifiche per il singolo paziente e di scegliere una procedura su misura, riducendo cos\u00ec l\u2019entit\u00e0 dell\u2019intervento e permettendo una rapida mobilizzazione e ripresa dell\u2019attivit\u00e0.<\/p>\n<p>La sostituzione dell\u2019articolazione non \u00e8 pi\u00f9 il capolinea! Grazie all\u2019impiego delle tecnologie pi\u00f9 avanzate, la qualit\u00e0 della vita migliora notevolmente, tanto che \u00e8 possibile tornare a praticare anche attivit\u00e0 sportive.[\/vc_column_text][\/vc_column][\/vc_row][vc_row][vc_column]<div class=\"ult-spacer spacer-69d4414df3647\" data-id=\"69d4414df3647\" data-height=\"40\" data-height-mobile=\"40\" data-height-tab=\"40\" data-height-tab-portrait=\"40\" data-height-mobile-landscape=\"40\" style=\"clear:both;display:block;\"><\/div>[\/vc_column][\/vc_row][vc_row][vc_column width=&#8221;1\/2&#8243;][vc_single_image image=&#8221;19732&#8243; img_size=&#8221;full&#8221;][\/vc_column][vc_column width=&#8221;1\/2&#8243;][vc_single_image image=&#8221;19733&#8243; img_size=&#8221;full&#8221;][\/vc_column][\/vc_row][vc_row][vc_column]<div class=\"dfd-spacer-module\"  data-units=\"px\" data-wide_resolution=\"1280\" data-wide_size=\"50\" data-normal_resolution=\"1024\" data-normal_size=\"50\" data-tablet_resolution=\"800\" data-tablet_size=\"40\" data-mobile_resolution=\"480\" data-mobile_size=\"30\" style=\"height: 50px;\"><\/div>[vc_column_text]Se prevediamo di intervenire chirurgicamente per risolvere il vostro problema, posso eseguire l\u2019intervento presso uno dei centri seguenti:<\/p>\n<p>Casa di Cura Nostra Signora della Mercede, Via Tagliamento 24, 00198 Roma<\/p>\n<p>Wiener Privatklinik; Pelikangasse 15, 1090 Vienna.<\/p>\n<p>Evangelisches Krankenhaus Wien; Hans-Sachs-Gasse 10-12, 1180 Vienna.<\/p>\n<p>Per ottenere un risultato ottimale in campo chirurgico non basta un alto grado di specializzazione, ma occorre anche un\u2019\u00e9quipe di professionisti. E questo \u00e8 ci\u00f2 che metter\u00f2 sempre a vostra disposizione per offrirvi la migliore assistenza possibile.<\/p>\n<p>Prima dell\u2019intervento programmato, \u00e8 necessario che il vostro medico di base o il vostro internista richieda gli esami preoperatori:<\/p>\n<ul>\n<li>esami del sangue (emocromo completo, PTT, TT, PCR, beta globuline, sodio, potassio, BUN, creatinina, bilirubina, GOT, GPT, gamma-GT, colinesterasi, TSH)<\/li>\n<li>ECG<\/li>\n<li>radiografia del torace<\/li>\n<li>test sierologico con fattore Rh e test anticorpale (se non disponibile)<\/li>\n<\/ul>\n<p>[\/vc_column_text][\/vc_column][\/vc_row][vc_row][vc_column]<div class=\"ult-spacer spacer-69d4414df3696\" data-id=\"69d4414df3696\" data-height=\"40\" data-height-mobile=\"40\" data-height-tab=\"40\" data-height-tab-portrait=\"40\" data-height-mobile-landscape=\"40\" style=\"clear:both;display:block;\"><\/div>[\/vc_column][\/vc_row][vc_row][vc_column width=&#8221;1\/2&#8243;][vc_single_image image=&#8221;19729&#8243; img_size=&#8221;full&#8221;][\/vc_column][vc_column width=&#8221;1\/2&#8243;][vc_single_image image=&#8221;19731&#8243; img_size=&#8221;full&#8221;][\/vc_column][\/vc_row][vc_row][vc_column]<div class=\"dfd-spacer-module\"  data-units=\"px\" data-wide_resolution=\"1280\" data-wide_size=\"50\" data-normal_resolution=\"1024\" data-normal_size=\"50\" data-tablet_resolution=\"800\" data-tablet_size=\"40\" data-mobile_resolution=\"480\" data-mobile_size=\"30\" style=\"height: 50px;\"><\/div>[vc_column_text]Il giorno prima o il giorno stesso dell\u2019intervento vi viene chiesto di venire in ospedale <strong>a digiuno<\/strong>, cio\u00e8 di non mangiare o bere nulla dopo la mezzanotte.<\/p>\n<p>Se lasciate l\u2019ospedale il giorno stesso dell\u2019intervento (day hospital), vi verr\u00e0 chiesto di organizzarvi in modo tale da avere qualcuno che vi riaccompagni a casa.<\/p>\n<p>Eventuali ausili medici necessari dopo l\u2019intervento saranno organizzati in ambulatorio o in ospedale.<\/p>\n<p>Se non vi \u00e8 possibile rispettare l\u2019appuntamento per l\u2019intervento o se il dolore \u00e8 migliorato e non siete sicuri se sottoporvi o meno all\u2019operazione, contattatemi il prima possibile.<\/p>\n<p>La terapia post-operatoria viene organizzata in anticipo rispetto all\u2019intervento, in modo da consentire un processo di guarigione rapido e senza intoppi.<\/p>\n<p>Per consentire una rapida guarigione della ferita e dell\u2019ematoma, sono altamente raccomandati il trattamento laser post-operatorio della ferita e il linfodrenaggio. Per un risultato ottimale dell\u2019intervento, solitamente \u00e8 indispensabile una fisioterapia mirata svolta da un professionista.[\/vc_column_text][\/vc_column][\/vc_row][vc_row][vc_column]<div class=\"ult-spacer spacer-69d4414df36d1\" data-id=\"69d4414df36d1\" data-height=\"40\" data-height-mobile=\"40\" data-height-tab=\"40\" data-height-tab-portrait=\"40\" data-height-mobile-landscape=\"40\" style=\"clear:both;display:block;\"><\/div>[\/vc_column][\/vc_row]<\/p>\n<\/section>","protected":false},"excerpt":{"rendered":"<p>[vc_row][vc_column][vc_column_text]Il mio obiettivo primario \u00e8 alleviare le vostre sofferenze in modo conservativo, senza ricorrere alla chirurgia. A volte, per\u00f2, quando il danno meccanico \u00e8 troppo grave, ci\u00f2 non \u00e8 pi\u00f9<\/p>\n","protected":false},"author":2,"featured_media":0,"parent":0,"menu_order":0,"comment_status":"closed","ping_status":"closed","template":"","meta":{"footnotes":""},"class_list":["post-21185","page","type-page","status-publish","hentry"],"_links":{"self":[{"href":"https:\/\/heuberer.at\/it\/wp-json\/wp\/v2\/pages\/21185","targetHints":{"allow":["GET"]}}],"collection":[{"href":"https:\/\/heuberer.at\/it\/wp-json\/wp\/v2\/pages"}],"about":[{"href":"https:\/\/heuberer.at\/it\/wp-json\/wp\/v2\/types\/page"}],"author":[{"embeddable":true,"href":"https:\/\/heuberer.at\/it\/wp-json\/wp\/v2\/users\/2"}],"replies":[{"embeddable":true,"href":"https:\/\/heuberer.at\/it\/wp-json\/wp\/v2\/comments?post=21185"}],"version-history":[{"count":5,"href":"https:\/\/heuberer.at\/it\/wp-json\/wp\/v2\/pages\/21185\/revisions"}],"predecessor-version":[{"id":21318,"href":"https:\/\/heuberer.at\/it\/wp-json\/wp\/v2\/pages\/21185\/revisions\/21318"}],"wp:attachment":[{"href":"https:\/\/heuberer.at\/it\/wp-json\/wp\/v2\/media?parent=21185"}],"curies":[{"name":"wp","href":"https:\/\/api.w.org\/{rel}","templated":true}]}}